{"id":186,"date":"2025-09-12T15:29:59","date_gmt":"2025-09-12T13:29:59","guid":{"rendered":"https:\/\/www.stellafaghjinca.corsica\/?page_id=186"},"modified":"2025-09-29T20:51:28","modified_gmt":"2025-09-29T18:51:28","slug":"inscription","status":"publish","type":"page","link":"https:\/\/www.stellafaghjinca.corsica\/index.php\/inscription\/","title":{"rendered":"Inscription"},"content":{"rendered":"\t\t<form id=\"stella-form\" method=\"post\" enctype=\"multipart\/form-data\" action=\"https:\/\/www.stellafaghjinca.corsica\/wp-admin\/admin-post.php\">\r\n\t\t\t<input type=\"hidden\" id=\"stella_inscription_nonce\" name=\"stella_inscription_nonce\" value=\"b683a9b497\" \/><input type=\"hidden\" name=\"_wp_http_referer\" value=\"\/index.php\/wp-json\/wp\/v2\/pages\/186\" \/>\t\t\t<input type=\"hidden\" name=\"action\" value=\"stella_handle_inscription\">\r\n\r\n\t\t\t<!-- Parent -->\r\n\t\t\t<fieldset class=\"full-width\">\r\n\t\t\t\t<legend>Informations Parent<\/legend>\r\n\t\t\t\t<div class=\"form-row\"><input type=\"text\" name=\"parent_prenom\" placeholder=\"Pr\u00e9nom *\" required><\/div>\r\n\t\t\t\t<div class=\"form-row\"><input type=\"text\" name=\"parent_nom\" placeholder=\"Nom *\" required><\/div>\r\n\t\t\t\t<div class=\"form-row\"><input type=\"email\" name=\"parent_email\" placeholder=\"Email (identifiant) *\" required><\/div>\r\n\t\t\t\t<div class=\"form-row\"><input type=\"tel\" name=\"parent_tel\" placeholder=\"T\u00e9l\u00e9phone *\" required><\/div>\r\n\t\t\t\t<div class=\"form-row password-wrapper\">\r\n\t\t\t\t\t<input type=\"password\" name=\"parent_pass\" placeholder=\"Mot de passe *\" required minlength=\"8\">\r\n\t\t\t\t\t<button type=\"button\" class=\"toggle-pass\" data-target=\"[name='parent_pass']\">\ud83d\udc41<\/button>\r\n\t\t\t\t<\/div>\r\n\t\t\t\t<div class=\"form-row password-wrapper\">\r\n\t\t\t\t\t<input type=\"password\" name=\"parent_pass_confirm\" placeholder=\"Confirmer mot de passe *\" required minlength=\"8\">\r\n\t\t\t\t\t<button type=\"button\" class=\"toggle-pass\" data-target=\"[name='parent_pass_confirm']\">\ud83d\udc41<\/button>\r\n\t\t\t\t<\/div>\r\n\t\t\t<\/fieldset>\r\n\r\n\t\t\t<div id=\"children-container\"> \r\n\t\t\t\t<div class=\"child-data-wrapper\" data-child-index=\"0\">\r\n\t\t\t\t\t<!-- Enfants -->\r\n\t\t\t\t\t<fieldset class=\"child-block full-width\"\">\r\n\t\t\t\t\t\t<legend>Informations Enfant(s)<\/legend>\r\n\t\t\t\t\t\t<div>\r\n\t\t\t\t\t\t\t<button type=\"button\" class=\"remove-child hide-button\">\u274c<\/button>\r\n\t\t\t\t\t\t\t<div class=\"form-row\"><input type=\"text\" name=\"children[0][prenom]\" placeholder=\"Pr\u00e9nom enfant *\" required><\/div>\r\n\t\t\t\t\t\t\t<div class=\"form-row\"><input type=\"text\" name=\"children[0][nom]\" placeholder=\"Nom enfant *\" required><\/div>\r\n\t\t\t\t\t\t\t<div class=\"form-row\"><label>Date de naissance *<\/label><input type=\"date\" name=\"children[0][dob]\" required><\/div>\r\n\t\t\t\t\t\t\t<div class=\"form-row\"><label>Optionnel<\/label><input type=\"tel\" name=\"children[0][tel]\" placeholder=\"T\u00e9l\u00e9phone enfant\"><\/div>\r\n\t\t\t\t\t\t\t<div class=\"form-row\"><label>Attestation d'assurance *<\/label><input type=\"file\" name=\"children[0][assurance]\" required><\/div>\r\n\t\t\t\t\t\t\t<div class=\"form-row conditional-cert-block\" id=\"cert-block-0\" style=\"display: none;\">\r\n\t\t\t\t\t\t\t\t<div class=\"conditional-cert-required-message\">\r\n\t\t\t\t\t\t\t\t\t\u26a0\ufe0f **Attention :** Une de vos r\u00e9ponses au questionnaire de sant\u00e9 rend le certificat m\u00e9dical **obligatoire**.\r\n\t\t\t\t\t\t\t\t<\/div>\r\n\t\t\t\t\t\t\t\t<label>Certificat m\u00e9dical <span class=\"required-star\">*<\/span><\/label>\r\n\t\t\t\t\t\t\t\t<input type=\"file\" name=\"children[0][certificat]\" id=\"certificat-0\" data-required=\"0\">\r\n\t\t\t\t\t\t\t<\/div>\r\n\t\t\t\t\t\t\t<div class=\"form-row\"><label>Photo (jpg\/png)<\/label><input type=\"file\" name=\"children[0][photo]\" accept=\"image\/jpeg,image\/png\"><\/div>\r\n\t\t\t\t\t\t\t<div class=\"form-row\"><span>Attention, taille maximum de chaque fichier 2 Mo<\/span><\/div>\r\n\t\t\t\t\t\t\t\r\n\t\t\t\t\t\t<\/div>\r\n\t\t\t\t\t<\/fieldset>\r\n\t\t\t\t\t<fieldset class=\"health-questionnaire\">\r\n\t\t\t\t\t\t<legend>Questionnaire de sant\u00e9:<\/legend>\r\n\t\t\t\t\t\t\t\t\t\t\t\t\t<div class=\"form-row health-question\">\r\n\t\t\t\t\t\t\t\t<label class=\"q-labels\">Depuis l\u2019ann\u00e9e derni\u00e8re, es-tu all\u00e9e \u00e0 l\u2019h\u00f4pital pendant une journ\u00e9e ou plusieurs jours ?<\/label>\r\n\t\t\t\t\t\t\t\t<div class=\"q-buttons\">\r\n\t\t\t\t\t\t\t\t\t<label>\r\n\t\t\t\t\t\t\t\t\t\t<input type=\"radio\" name=\"children[0][q1]\" value=\"oui\" required>\r\n\t\t\t\t\t\t\t\t\t\tOui\r\n\t\t\t\t\t\t\t\t\t<\/label>\r\n\t\t\t\t\t\t\t\t\t<label>\r\n\t\t\t\t\t\t\t\t\t\t<input type=\"radio\" name=\"children[0][q1]\" value=\"non\" required>\r\n\t\t\t\t\t\t\t\t\t\tNon\r\n\t\t\t\t\t\t\t\t\t<\/label>\r\n\t\t\t\t\t\t\t\t<\/div>\r\n\t\t\t\t\t\t\t<\/div>\r\n\t\t\t\t\t\t\t\t\t\t\t\t\t<div class=\"form-row health-question\">\r\n\t\t\t\t\t\t\t\t<label class=\"q-labels\">As-tu \u00e9t\u00e9 op\u00e9r\u00e9e ?<\/label>\r\n\t\t\t\t\t\t\t\t<div class=\"q-buttons\">\r\n\t\t\t\t\t\t\t\t\t<label>\r\n\t\t\t\t\t\t\t\t\t\t<input type=\"radio\" name=\"children[0][q2]\" value=\"oui\" required>\r\n\t\t\t\t\t\t\t\t\t\tOui\r\n\t\t\t\t\t\t\t\t\t<\/label>\r\n\t\t\t\t\t\t\t\t\t<label>\r\n\t\t\t\t\t\t\t\t\t\t<input type=\"radio\" name=\"children[0][q2]\" value=\"non\" required>\r\n\t\t\t\t\t\t\t\t\t\tNon\r\n\t\t\t\t\t\t\t\t\t<\/label>\r\n\t\t\t\t\t\t\t\t<\/div>\r\n\t\t\t\t\t\t\t<\/div>\r\n\t\t\t\t\t\t\t\t\t\t\t\t\t<div class=\"form-row health-question\">\r\n\t\t\t\t\t\t\t\t<label class=\"q-labels\">As-tu beaucoup grandi ?<\/label>\r\n\t\t\t\t\t\t\t\t<div class=\"q-buttons\">\r\n\t\t\t\t\t\t\t\t\t<label>\r\n\t\t\t\t\t\t\t\t\t\t<input type=\"radio\" name=\"children[0][q3]\" value=\"oui\" required>\r\n\t\t\t\t\t\t\t\t\t\tOui\r\n\t\t\t\t\t\t\t\t\t<\/label>\r\n\t\t\t\t\t\t\t\t\t<label>\r\n\t\t\t\t\t\t\t\t\t\t<input type=\"radio\" name=\"children[0][q3]\" value=\"non\" required>\r\n\t\t\t\t\t\t\t\t\t\tNon\r\n\t\t\t\t\t\t\t\t\t<\/label>\r\n\t\t\t\t\t\t\t\t<\/div>\r\n\t\t\t\t\t\t\t<\/div>\r\n\t\t\t\t\t\t\t\t\t\t\t\t\t<div class=\"form-row health-question\">\r\n\t\t\t\t\t\t\t\t<label class=\"q-labels\">As-tu beaucoup maigri ?<\/label>\r\n\t\t\t\t\t\t\t\t<div class=\"q-buttons\">\r\n\t\t\t\t\t\t\t\t\t<label>\r\n\t\t\t\t\t\t\t\t\t\t<input type=\"radio\" name=\"children[0][q4]\" value=\"oui\" required>\r\n\t\t\t\t\t\t\t\t\t\tOui\r\n\t\t\t\t\t\t\t\t\t<\/label>\r\n\t\t\t\t\t\t\t\t\t<label>\r\n\t\t\t\t\t\t\t\t\t\t<input type=\"radio\" name=\"children[0][q4]\" value=\"non\" required>\r\n\t\t\t\t\t\t\t\t\t\tNon\r\n\t\t\t\t\t\t\t\t\t<\/label>\r\n\t\t\t\t\t\t\t\t<\/div>\r\n\t\t\t\t\t\t\t<\/div>\r\n\t\t\t\t\t\t\t\t\t\t\t\t\t<div class=\"form-row health-question\">\r\n\t\t\t\t\t\t\t\t<label class=\"q-labels\">As-tu beaucoup grossi ?<\/label>\r\n\t\t\t\t\t\t\t\t<div class=\"q-buttons\">\r\n\t\t\t\t\t\t\t\t\t<label>\r\n\t\t\t\t\t\t\t\t\t\t<input type=\"radio\" name=\"children[0][q5]\" value=\"oui\" required>\r\n\t\t\t\t\t\t\t\t\t\tOui\r\n\t\t\t\t\t\t\t\t\t<\/label>\r\n\t\t\t\t\t\t\t\t\t<label>\r\n\t\t\t\t\t\t\t\t\t\t<input type=\"radio\" name=\"children[0][q5]\" value=\"non\" required>\r\n\t\t\t\t\t\t\t\t\t\tNon\r\n\t\t\t\t\t\t\t\t\t<\/label>\r\n\t\t\t\t\t\t\t\t<\/div>\r\n\t\t\t\t\t\t\t<\/div>\r\n\t\t\t\t\t\t\t\t\t\t\t\t\t<div class=\"form-row health-question\">\r\n\t\t\t\t\t\t\t\t<label class=\"q-labels\">As-tu eu la t\u00eate qui tourne pendant un effort ?<\/label>\r\n\t\t\t\t\t\t\t\t<div class=\"q-buttons\">\r\n\t\t\t\t\t\t\t\t\t<label>\r\n\t\t\t\t\t\t\t\t\t\t<input type=\"radio\" name=\"children[0][q6]\" value=\"oui\" required>\r\n\t\t\t\t\t\t\t\t\t\tOui\r\n\t\t\t\t\t\t\t\t\t<\/label>\r\n\t\t\t\t\t\t\t\t\t<label>\r\n\t\t\t\t\t\t\t\t\t\t<input type=\"radio\" name=\"children[0][q6]\" value=\"non\" required>\r\n\t\t\t\t\t\t\t\t\t\tNon\r\n\t\t\t\t\t\t\t\t\t<\/label>\r\n\t\t\t\t\t\t\t\t<\/div>\r\n\t\t\t\t\t\t\t<\/div>\r\n\t\t\t\t\t\t\t\t\t\t\t\t\t<div class=\"form-row health-question\">\r\n\t\t\t\t\t\t\t\t<label class=\"q-labels\">As-tu perdu connaissance ?<\/label>\r\n\t\t\t\t\t\t\t\t<div class=\"q-buttons\">\r\n\t\t\t\t\t\t\t\t\t<label>\r\n\t\t\t\t\t\t\t\t\t\t<input type=\"radio\" name=\"children[0][q7]\" value=\"oui\" required>\r\n\t\t\t\t\t\t\t\t\t\tOui\r\n\t\t\t\t\t\t\t\t\t<\/label>\r\n\t\t\t\t\t\t\t\t\t<label>\r\n\t\t\t\t\t\t\t\t\t\t<input type=\"radio\" name=\"children[0][q7]\" value=\"non\" required>\r\n\t\t\t\t\t\t\t\t\t\tNon\r\n\t\t\t\t\t\t\t\t\t<\/label>\r\n\t\t\t\t\t\t\t\t<\/div>\r\n\t\t\t\t\t\t\t<\/div>\r\n\t\t\t\t\t\t\t\t\t\t\t\t\t<div class=\"form-row health-question\">\r\n\t\t\t\t\t\t\t\t<label class=\"q-labels\">As-tu re\u00e7u un choc violent ?<\/label>\r\n\t\t\t\t\t\t\t\t<div class=\"q-buttons\">\r\n\t\t\t\t\t\t\t\t\t<label>\r\n\t\t\t\t\t\t\t\t\t\t<input type=\"radio\" name=\"children[0][q8]\" value=\"oui\" required>\r\n\t\t\t\t\t\t\t\t\t\tOui\r\n\t\t\t\t\t\t\t\t\t<\/label>\r\n\t\t\t\t\t\t\t\t\t<label>\r\n\t\t\t\t\t\t\t\t\t\t<input type=\"radio\" name=\"children[0][q8]\" value=\"non\" required>\r\n\t\t\t\t\t\t\t\t\t\tNon\r\n\t\t\t\t\t\t\t\t\t<\/label>\r\n\t\t\t\t\t\t\t\t<\/div>\r\n\t\t\t\t\t\t\t<\/div>\r\n\t\t\t\t\t\t\t\t\t\t\t\t\t<div class=\"form-row health-question\">\r\n\t\t\t\t\t\t\t\t<label class=\"q-labels\">As-tu du mal \u00e0 respirer pendant ou apr\u00e8s un effort ?<\/label>\r\n\t\t\t\t\t\t\t\t<div class=\"q-buttons\">\r\n\t\t\t\t\t\t\t\t\t<label>\r\n\t\t\t\t\t\t\t\t\t\t<input type=\"radio\" name=\"children[0][q9]\" value=\"oui\" required>\r\n\t\t\t\t\t\t\t\t\t\tOui\r\n\t\t\t\t\t\t\t\t\t<\/label>\r\n\t\t\t\t\t\t\t\t\t<label>\r\n\t\t\t\t\t\t\t\t\t\t<input type=\"radio\" name=\"children[0][q9]\" value=\"non\" required>\r\n\t\t\t\t\t\t\t\t\t\tNon\r\n\t\t\t\t\t\t\t\t\t<\/label>\r\n\t\t\t\t\t\t\t\t<\/div>\r\n\t\t\t\t\t\t\t<\/div>\r\n\t\t\t\t\t\t\t\t\t\t\t\t\t<div class=\"form-row health-question\">\r\n\t\t\t\t\t\t\t\t<label class=\"q-labels\">As-tu mal \u00e0 la poitrine ou des palpitations ?<\/label>\r\n\t\t\t\t\t\t\t\t<div class=\"q-buttons\">\r\n\t\t\t\t\t\t\t\t\t<label>\r\n\t\t\t\t\t\t\t\t\t\t<input type=\"radio\" name=\"children[0][q10]\" value=\"oui\" required>\r\n\t\t\t\t\t\t\t\t\t\tOui\r\n\t\t\t\t\t\t\t\t\t<\/label>\r\n\t\t\t\t\t\t\t\t\t<label>\r\n\t\t\t\t\t\t\t\t\t\t<input type=\"radio\" name=\"children[0][q10]\" value=\"non\" required>\r\n\t\t\t\t\t\t\t\t\t\tNon\r\n\t\t\t\t\t\t\t\t\t<\/label>\r\n\t\t\t\t\t\t\t\t<\/div>\r\n\t\t\t\t\t\t\t<\/div>\r\n\t\t\t\t\t\t\t\t\t\t\t\t\t<div class=\"form-row health-question\">\r\n\t\t\t\t\t\t\t\t<label class=\"q-labels\">As-tu commenc\u00e9 \u00e0 prendre un nouveau m\u00e9dicament tous les jours ?<\/label>\r\n\t\t\t\t\t\t\t\t<div class=\"q-buttons\">\r\n\t\t\t\t\t\t\t\t\t<label>\r\n\t\t\t\t\t\t\t\t\t\t<input type=\"radio\" name=\"children[0][q11]\" value=\"oui\" required>\r\n\t\t\t\t\t\t\t\t\t\tOui\r\n\t\t\t\t\t\t\t\t\t<\/label>\r\n\t\t\t\t\t\t\t\t\t<label>\r\n\t\t\t\t\t\t\t\t\t\t<input type=\"radio\" name=\"children[0][q11]\" value=\"non\" required>\r\n\t\t\t\t\t\t\t\t\t\tNon\r\n\t\t\t\t\t\t\t\t\t<\/label>\r\n\t\t\t\t\t\t\t\t<\/div>\r\n\t\t\t\t\t\t\t<\/div>\r\n\t\t\t\t\t\t\t\t\t\t\t\t\t<div class=\"form-row health-question\">\r\n\t\t\t\t\t\t\t\t<label class=\"q-labels\">As-tu arr\u00eat\u00e9 le sport \u00e0 cause d\u2019un probl\u00e8me de sant\u00e9 pendant plusieurs mois ?<\/label>\r\n\t\t\t\t\t\t\t\t<div class=\"q-buttons\">\r\n\t\t\t\t\t\t\t\t\t<label>\r\n\t\t\t\t\t\t\t\t\t\t<input type=\"radio\" name=\"children[0][q12]\" value=\"oui\" required>\r\n\t\t\t\t\t\t\t\t\t\tOui\r\n\t\t\t\t\t\t\t\t\t<\/label>\r\n\t\t\t\t\t\t\t\t\t<label>\r\n\t\t\t\t\t\t\t\t\t\t<input type=\"radio\" name=\"children[0][q12]\" value=\"non\" required>\r\n\t\t\t\t\t\t\t\t\t\tNon\r\n\t\t\t\t\t\t\t\t\t<\/label>\r\n\t\t\t\t\t\t\t\t<\/div>\r\n\t\t\t\t\t\t\t<\/div>\r\n\t\t\t\t\t\t\t\t\t\t\t\t\t<div class=\"form-row health-question\">\r\n\t\t\t\t\t\t\t\t<label class=\"q-labels\">Te sens-tu fatigu\u00e9e en ce moment ?<\/label>\r\n\t\t\t\t\t\t\t\t<div class=\"q-buttons\">\r\n\t\t\t\t\t\t\t\t\t<label>\r\n\t\t\t\t\t\t\t\t\t\t<input type=\"radio\" name=\"children[0][q13]\" value=\"oui\" required>\r\n\t\t\t\t\t\t\t\t\t\tOui\r\n\t\t\t\t\t\t\t\t\t<\/label>\r\n\t\t\t\t\t\t\t\t\t<label>\r\n\t\t\t\t\t\t\t\t\t\t<input type=\"radio\" name=\"children[0][q13]\" value=\"non\" required>\r\n\t\t\t\t\t\t\t\t\t\tNon\r\n\t\t\t\t\t\t\t\t\t<\/label>\r\n\t\t\t\t\t\t\t\t<\/div>\r\n\t\t\t\t\t\t\t<\/div>\r\n\t\t\t\t\t\t\t\t\t\t\t\t\t<div class=\"form-row health-question\">\r\n\t\t\t\t\t\t\t\t<label class=\"q-labels\">As-tu du mal \u00e0 t\u2019endormir ou te r\u00e9veilles-tu souvent la nuit ?<\/label>\r\n\t\t\t\t\t\t\t\t<div class=\"q-buttons\">\r\n\t\t\t\t\t\t\t\t\t<label>\r\n\t\t\t\t\t\t\t\t\t\t<input type=\"radio\" name=\"children[0][q14]\" value=\"oui\" required>\r\n\t\t\t\t\t\t\t\t\t\tOui\r\n\t\t\t\t\t\t\t\t\t<\/label>\r\n\t\t\t\t\t\t\t\t\t<label>\r\n\t\t\t\t\t\t\t\t\t\t<input type=\"radio\" name=\"children[0][q14]\" value=\"non\" required>\r\n\t\t\t\t\t\t\t\t\t\tNon\r\n\t\t\t\t\t\t\t\t\t<\/label>\r\n\t\t\t\t\t\t\t\t<\/div>\r\n\t\t\t\t\t\t\t<\/div>\r\n\t\t\t\t\t\t\t\t\t\t\t\t\t<div class=\"form-row health-question\">\r\n\t\t\t\t\t\t\t\t<label class=\"q-labels\">Sens-tu que tu as moins faim ?<\/label>\r\n\t\t\t\t\t\t\t\t<div class=\"q-buttons\">\r\n\t\t\t\t\t\t\t\t\t<label>\r\n\t\t\t\t\t\t\t\t\t\t<input type=\"radio\" name=\"children[0][q15]\" value=\"oui\" required>\r\n\t\t\t\t\t\t\t\t\t\tOui\r\n\t\t\t\t\t\t\t\t\t<\/label>\r\n\t\t\t\t\t\t\t\t\t<label>\r\n\t\t\t\t\t\t\t\t\t\t<input type=\"radio\" name=\"children[0][q15]\" value=\"non\" required>\r\n\t\t\t\t\t\t\t\t\t\tNon\r\n\t\t\t\t\t\t\t\t\t<\/label>\r\n\t\t\t\t\t\t\t\t<\/div>\r\n\t\t\t\t\t\t\t<\/div>\r\n\t\t\t\t\t\t\t\t\t\t\t\t\t<div class=\"form-row health-question\">\r\n\t\t\t\t\t\t\t\t<label class=\"q-labels\">Es-tu triste ou inqui\u00e8te ?<\/label>\r\n\t\t\t\t\t\t\t\t<div class=\"q-buttons\">\r\n\t\t\t\t\t\t\t\t\t<label>\r\n\t\t\t\t\t\t\t\t\t\t<input type=\"radio\" name=\"children[0][q16]\" value=\"oui\" required>\r\n\t\t\t\t\t\t\t\t\t\tOui\r\n\t\t\t\t\t\t\t\t\t<\/label>\r\n\t\t\t\t\t\t\t\t\t<label>\r\n\t\t\t\t\t\t\t\t\t\t<input type=\"radio\" name=\"children[0][q16]\" value=\"non\" required>\r\n\t\t\t\t\t\t\t\t\t\tNon\r\n\t\t\t\t\t\t\t\t\t<\/label>\r\n\t\t\t\t\t\t\t\t<\/div>\r\n\t\t\t\t\t\t\t<\/div>\r\n\t\t\t\t\t\t\t\t\t\t\t\t\t<div class=\"form-row health-question\">\r\n\t\t\t\t\t\t\t\t<label class=\"q-labels\">Ressens-tu une douleur ou un manque de force \u00e0 cause d\u2019une blessure ?<\/label>\r\n\t\t\t\t\t\t\t\t<div class=\"q-buttons\">\r\n\t\t\t\t\t\t\t\t\t<label>\r\n\t\t\t\t\t\t\t\t\t\t<input type=\"radio\" name=\"children[0][q17]\" value=\"oui\" required>\r\n\t\t\t\t\t\t\t\t\t\tOui\r\n\t\t\t\t\t\t\t\t\t<\/label>\r\n\t\t\t\t\t\t\t\t\t<label>\r\n\t\t\t\t\t\t\t\t\t\t<input type=\"radio\" name=\"children[0][q17]\" value=\"non\" required>\r\n\t\t\t\t\t\t\t\t\t\tNon\r\n\t\t\t\t\t\t\t\t\t<\/label>\r\n\t\t\t\t\t\t\t\t<\/div>\r\n\t\t\t\t\t\t\t<\/div>\r\n\t\t\t\t\t\t\t\t\t\t\t\t\t<div class=\"form-row health-question\">\r\n\t\t\t\t\t\t\t\t<label class=\"q-labels\">Penses-tu avoir besoin de voir ton m\u00e9decin pour continuer le sport ?<\/label>\r\n\t\t\t\t\t\t\t\t<div class=\"q-buttons\">\r\n\t\t\t\t\t\t\t\t\t<label>\r\n\t\t\t\t\t\t\t\t\t\t<input type=\"radio\" name=\"children[0][q18]\" value=\"oui\" required>\r\n\t\t\t\t\t\t\t\t\t\tOui\r\n\t\t\t\t\t\t\t\t\t<\/label>\r\n\t\t\t\t\t\t\t\t\t<label>\r\n\t\t\t\t\t\t\t\t\t\t<input type=\"radio\" name=\"children[0][q18]\" value=\"non\" required>\r\n\t\t\t\t\t\t\t\t\t\tNon\r\n\t\t\t\t\t\t\t\t\t<\/label>\r\n\t\t\t\t\t\t\t\t<\/div>\r\n\t\t\t\t\t\t\t<\/div>\r\n\t\t\t\t\t\t\t\t\t\t\t\t\t<div class=\"form-row health-question\">\r\n\t\t\t\t\t\t\t\t<label class=\"q-labels\">As-tu une visite m\u00e9dicale \u00e0 faire ?<\/label>\r\n\t\t\t\t\t\t\t\t<div class=\"q-buttons\">\r\n\t\t\t\t\t\t\t\t\t<label>\r\n\t\t\t\t\t\t\t\t\t\t<input type=\"radio\" name=\"children[0][q19]\" value=\"oui\" required>\r\n\t\t\t\t\t\t\t\t\t\tOui\r\n\t\t\t\t\t\t\t\t\t<\/label>\r\n\t\t\t\t\t\t\t\t\t<label>\r\n\t\t\t\t\t\t\t\t\t\t<input type=\"radio\" name=\"children[0][q19]\" value=\"non\" required>\r\n\t\t\t\t\t\t\t\t\t\tNon\r\n\t\t\t\t\t\t\t\t\t<\/label>\r\n\t\t\t\t\t\t\t\t<\/div>\r\n\t\t\t\t\t\t\t<\/div>\r\n\t\t\t\t\t\t\t\t\t\t\t<\/fieldset>\r\n\t\t\t\t<\/div>\r\n\t\t\t<\/div>\r\n\t\t\t\r\n\t\t\t<div class=\"form-row full-width\"><button type=\"button\" id=\"add-child-btn\">+ Ajouter un enfant<\/button><\/div><\/br>\r\n\t\t\t<div class=\"form-row full-width consent-row\">\r\n\t\t\t\t<label><input type=\"checkbox\" name=\"accept_reglement\" required> En cochant cette case j'ai lu et j'accepte le <a href=\"\/index.php\/reglement\" target=\"_blank\">r\u00e8glement <\/a>de Stell'Afaghjinca *<\/label>\r\n\t\t\t<\/div>\r\n\t\t\t<div class=\"form-row full-width consent-row\">\r\n\t\t\t\t<label><input type=\"checkbox\" name=\"accept_cgu\" required> En cochant cette case j'ai lu et j'accepte la <a href=\"\/index.php\/politique-de-confidentialite\" target=\"_blank\">politique de confidentialit\u00e9 <\/a>de Stell'Afaghjinca *<\/label>\r\n\t\t\t<\/div>\r\n\t\t\t<div class=\"form-row full-width\"><div class=\"cf-turnstile\" data-sitekey=\"0x4AAAAAAB0s1dw6KQx2G1Z2\"><\/div><\/div>\r\n\t\t\t<div class=\"form-row full-width\"><button type=\"submit\">Valider l'inscription<\/button><\/div>\r\n\t\t<\/form>\r\n\t\t\n\n\n\n<p><\/p>\n","protected":false},"excerpt":{"rendered":"","protected":false},"author":1,"featured_media":0,"parent":0,"menu_order":0,"comment_status":"closed","ping_status":"closed","template":"","meta":{"footnotes":""},"class_list":["post-186","page","type-page","status-publish","hentry"],"jetpack_sharing_enabled":true,"_links":{"self":[{"href":"https:\/\/www.stellafaghjinca.corsica\/index.php\/wp-json\/wp\/v2\/pages\/186","targetHints":{"allow":["GET"]}}],"collection":[{"href":"https:\/\/www.stellafaghjinca.corsica\/index.php\/wp-json\/wp\/v2\/pages"}],"about":[{"href":"https:\/\/www.stellafaghjinca.corsica\/index.php\/wp-json\/wp\/v2\/types\/page"}],"author":[{"embeddable":true,"href":"https:\/\/www.stellafaghjinca.corsica\/index.php\/wp-json\/wp\/v2\/users\/1"}],"replies":[{"embeddable":true,"href":"https:\/\/www.stellafaghjinca.corsica\/index.php\/wp-json\/wp\/v2\/comments?post=186"}],"version-history":[{"count":4,"href":"https:\/\/www.stellafaghjinca.corsica\/index.php\/wp-json\/wp\/v2\/pages\/186\/revisions"}],"predecessor-version":[{"id":194,"href":"https:\/\/www.stellafaghjinca.corsica\/index.php\/wp-json\/wp\/v2\/pages\/186\/revisions\/194"}],"wp:attachment":[{"href":"https:\/\/www.stellafaghjinca.corsica\/index.php\/wp-json\/wp\/v2\/media?parent=186"}],"curies":[{"name":"wp","href":"https:\/\/api.w.org\/{rel}","templated":true}]}}