{"id":299,"date":"2025-09-19T11:22:07","date_gmt":"2025-09-19T09:22:07","guid":{"rendered":"https:\/\/www.stellafaghjinca.corsica\/?page_id=299"},"modified":"2025-09-20T20:59:35","modified_gmt":"2025-09-20T18:59:35","slug":"reglement","status":"publish","type":"page","link":"https:\/\/www.stellafaghjinca.corsica\/index.php\/reglement\/","title":{"rendered":"R\u00e8glement 2025\/2026"},"content":{"rendered":"\n<p><strong>1\/D\u00e9roulement des cours<\/strong>&nbsp;<\/p>\n\n\n\n<p>Les \u00e9l\u00e8ves sont tenues d&rsquo;arriver maximum 15 minutes avant le d\u00e9but du cours, de s&rsquo;\u00e9chauffer dans les vestiaires afin de ne pas perturber l&rsquo;activit\u00e9 qui partage la salle et de pouvoir commencer \u00e0 l&rsquo;heure le cours de danse en \u00e9tant \u00e9chauff\u00e9es.&nbsp;<\/p>\n\n\n\n<p>&nbsp;<br>La tenue de danse est compos\u00e9e d\u2019un justaucorps, d&rsquo;un collant, d&rsquo;une paire de chaussons (<em>pas de v\u00eatements amples qui emp\u00eacheraient de voir les postures<\/em>) en revanche les jupettes, cache-c\u0153ur, les gu\u00eatres sont autoris\u00e9s. Les cheveux doivent \u00eatre attach\u00e9s, le chignon est fortement recommand\u00e9, les bijoux sont d\u00e9conseill\u00e9s (<em>grosses boucles d\u2019oreilles interdites).<\/em>&nbsp;<\/p>\n\n\n\n<p>Pr\u00e9voir de venir en cours avec de l&rsquo;eau <em>(gourde ou bouteille<\/em>).&nbsp;<br>&nbsp;<br>Pour tout retard \u00e9ventuel pr\u00e9venir le professeur et voir avec celui-ci.<\/p>\n\n\n\n<p>Il est interdit de marcher sur le tapis de danse avec des chaussures ext\u00e9rieures&nbsp;<br>Il est interdit de manger (m\u00eame de m\u00e2cher du chewing-gum) pendant les cours de danse.&nbsp;<br>&nbsp;<br>Les t\u00e9l\u00e9phones portables doivent rester au vestiaire sur le mode silencieux afin de ne pas perturber le bon d\u00e9roulement du cours.&nbsp;<\/p>\n\n\n\n<p>&nbsp;<br>Un respect mutuel est demand\u00e9 et le professeur se donne d\u2019intervenir en cas de non-respect de sa personne ou du r\u00e8glement int\u00e9rieur.&nbsp;<\/p>\n\n\n\n<p>&nbsp;<br>Photographier ou filmer les cours n&rsquo;est pas autoris\u00e9 sans l\u2019autorisation du professeur. L\u2019Association se r\u00e9serve la possibilit\u00e9 d\u2019utiliser l\u2019image de ses membres dans le cadre purement association, sous r\u00e9serve d\u2019autorisation pr\u00e9alable.<\/p>\n\n\n\n<p>Enfin, le professeur et le seul responsable de la gestion des groupes et du niveau attribu\u00e9 \u00e0 chaque \u00e9l\u00e8ve.<\/p>\n\n\n\n<p><strong>2\/Absence et pr\u00e9sence<\/strong>&nbsp;<\/p>\n\n\n\n<p>Il est demand\u00e9 aux \u00e9l\u00e8ves d&rsquo;\u00eatre assidues afin de leur donner un maximum de possibilit\u00e9s de progresser tout au long de l&rsquo;ann\u00e9e.<\/p>\n\n\n\n<p>En cas d&rsquo;absence, merci de pr\u00e9venir le professeur le plus t\u00f4t possible.&nbsp;<\/p>\n\n\n\n<p>En cas d&rsquo;absence du professeur, vous serez pr\u00e9venues et le cours sera alors remplac\u00e9 dans la mesure du possible.<\/p>\n\n\n\n<p>Dans le cadre \u00e9ventuel d\u2019une d\u00e9monstration ou d&rsquo;une repr\u00e9sentation ponctuelle, des r\u00e9p\u00e9titions suppl\u00e9mentaires pourront \u00eatre mises en place. Les \u00e9l\u00e8ves qui souhaiteraient participer \u00e0 ces \u00e9v\u00e9nements s&rsquo;engageraient \u00e0 y assister.<\/p>\n\n\n\n<p><strong>3\/ S\u00e9curit\u00e9 dans les locaux et responsabilit\u00e9s.<\/strong>&nbsp;<\/p>\n\n\n\n<p>&nbsp;<br>Les parents sont tenus d&rsquo;accompagner leurs enfants et de venir les r\u00e9cup\u00e9rer dans le hall ou jusqu&rsquo;\u00e0 la porte de la salle de danse, si le professeur le d\u00e9cide.&nbsp;<\/p>\n\n\n\n<p>Les \u00e9l\u00e8ves pourront \u00eatre d\u00e9pos\u00e9s maximum 15 minutes avant le d\u00e9but du cours et devront \u00eatre r\u00e9cup\u00e9r\u00e9s \u00e0 la fin de ce dernier.<\/p>\n\n\n\n<p>Les \u00e9l\u00e8ves sont sous la responsabilit\u00e9 du professeur uniquement pendant le cours de danse pas avant ni apr\u00e8s celui-ci.<\/p>\n\n\n\n<p>L&rsquo;association ainsi que la professeure Carine Faggianelli d\u00e9clinent toute responsabilit\u00e9 en cas de perte ou vol ou d\u00e9gradation.<\/p>\n\n\n\n<p>Il est fortement d\u00e9conseill\u00e9 de venir en cours avec des objets de valeur ou de l&rsquo;argent.<\/p>\n\n\n\n<p><strong>4\/ Vacances scolaires.<\/strong>&nbsp;<\/p>\n\n\n\n<p>&nbsp;<br>Le professeur se r\u00e9serve le droit de maintenir cours durant les vacances, les familles en seront inform\u00e9es au pr\u00e9alable en consultant le site internet ou dans les fils de discussion WhatsApp auquel ils sont inscrits.<\/p>\n\n\n\n<p><strong>5\/ Paiement.<\/strong>&nbsp;<\/p>\n\n\n\n<p>&nbsp;<br>Le r\u00e8glement de la cotisation annuelle se fera par ch\u00e8que cette ann\u00e9e.&nbsp;<\/p>\n\n\n\n<p>Il sera possible d\u2019\u00e9chelonner le paiement de la cotisation en 3 versements par ch\u00e8que.<\/p>\n\n\n\n<p>Les cotisations seront vers\u00e9es au 2<sup>\u00e8me<\/sup> cours et seront encaiss\u00e9es en octobre, novembre, d\u00e9cembre.<\/p>\n\n\n\n<p>Pour des cotisations multiples au sein d\u2019une m\u00eame famille, une r\u00e9duction de 15 \u20ac sera accord\u00e9e \u00e0 partir du deuxi\u00e8me enfant inscrit.<\/p>\n\n\n\n<p>Les absences nous donneront lieu \u00e0 aucun remboursement.<\/p>\n\n\n\n<p>Si pour cause de d\u00e9m\u00e9nagement ou de raison m\u00e9dicale l&rsquo;enfant doit cesser l&rsquo;activit\u00e9, les dirigeants de l\u2019Association se tiennent \u00e0 la disposition des parents.<\/p>\n\n\n\n<p><\/p>\n","protected":false},"excerpt":{"rendered":"<p>1\/D\u00e9roulement des cours&nbsp; Les \u00e9l\u00e8ves sont tenues d&rsquo;arriver maximum 15 minutes avant le d\u00e9but du cours, de s&rsquo;\u00e9chauffer dans les vestiaires afin de ne pas perturber l&rsquo;activit\u00e9 qui partage la salle et de pouvoir commencer \u00e0 l&rsquo;heure le cours de danse en \u00e9tant \u00e9chauff\u00e9es.&nbsp; &nbsp;La tenue de danse est compos\u00e9e d\u2019un justaucorps, d&rsquo;un collant, d&rsquo;une [&hellip;]<\/p>\n","protected":false},"author":1,"featured_media":0,"parent":0,"menu_order":0,"comment_status":"closed","ping_status":"closed","template":"","meta":{"footnotes":""},"class_list":["post-299","page","type-page","status-publish","hentry"],"jetpack_sharing_enabled":true,"_links":{"self":[{"href":"https:\/\/www.stellafaghjinca.corsica\/index.php\/wp-json\/wp\/v2\/pages\/299","targetHints":{"allow":["GET"]}}],"collection":[{"href":"https:\/\/www.stellafaghjinca.corsica\/index.php\/wp-json\/wp\/v2\/pages"}],"about":[{"href":"https:\/\/www.stellafaghjinca.corsica\/index.php\/wp-json\/wp\/v2\/types\/page"}],"author":[{"embeddable":true,"href":"https:\/\/www.stellafaghjinca.corsica\/index.php\/wp-json\/wp\/v2\/users\/1"}],"replies":[{"embeddable":true,"href":"https:\/\/www.stellafaghjinca.corsica\/index.php\/wp-json\/wp\/v2\/comments?post=299"}],"version-history":[{"count":4,"href":"https:\/\/www.stellafaghjinca.corsica\/index.php\/wp-json\/wp\/v2\/pages\/299\/revisions"}],"predecessor-version":[{"id":307,"href":"https:\/\/www.stellafaghjinca.corsica\/index.php\/wp-json\/wp\/v2\/pages\/299\/revisions\/307"}],"wp:attachment":[{"href":"https:\/\/www.stellafaghjinca.corsica\/index.php\/wp-json\/wp\/v2\/media?parent=299"}],"curies":[{"name":"wp","href":"https:\/\/api.w.org\/{rel}","templated":true}]}}